{"id":75,"date":"2025-12-10T16:02:52","date_gmt":"2025-12-10T16:02:52","guid":{"rendered":"https:\/\/smartcorp.com.ec\/index.php\/producto\/product-title-1\/"},"modified":"2025-12-12T15:45:07","modified_gmt":"2025-12-12T15:45:07","slug":"terminal-pos-1-pantalla-smartcorp","status":"publish","type":"product","link":"https:\/\/smartcorp.com.ec\/index.php\/producto\/terminal-pos-1-pantalla-smartcorp\/","title":{"rendered":"POS 1 PANTALLA CELERON"},"content":{"rendered":"<p><strong>POS TOUCH TCK10 UNA PANTALLA CELERON<\/strong><\/p>\n<p>\u2022 POS terminal con pantalla t\u00e1ctil<br \/>\n\u2022 15.6\u201d LED Display con 1366*768<br \/>\n\u2022 CPU: Intel N97 quad core 1.996<br \/>\n\u2022 RAM: DDR4 8GB<br \/>\n\u2022 SSD: 256 GB<br \/>\n\u2022 Impresora t\u00e9rmica de 80 mm incorporada<br \/>\n\u2022 Conexi\u00f3n Wi-Fi<br \/>\n\u2022 Dise\u00f1o antirayones, antiaceite e impermeable<br \/>\n\u2022 Color blanco y negro<\/p>\n<p>\u2022\u2022\u2022\u2022\u2022\u2022\u2022\u2022\u2022\u2022\u2022\u2022\u2022\u2022\u2022\u2022\u2022\u2022\u2022\u2022\u2022\u2022\u2022\u2022\u2022\u2022\u2022\u2022\u2022\u2022\u2022\u2022\u2022\u2022\u2022\u2022\u2022\u2022\u2022\u2022\u2022\u2022\u2022\u2022\u2022\u2022\u2022\u2022\u2022\u2022\u2022\u2022\u2022\u2022\u2022\u2022<\/p>\n<p>Todos nuestros equipos tienen <strong>1 A\u00d1O DE GARANT\u00cdA<\/strong><\/p>\n<p>\u2022\u2022\u2022\u2022\u2022\u2022\u2022\u2022\u2022\u2022\u2022\u2022\u2022\u2022\u2022\u2022\u2022\u2022\u2022\u2022\u2022\u2022\u2022\u2022\u2022\u2022\u2022\u2022\u2022\u2022\u2022\u2022\u2022\u2022\u2022\u2022\u2022\u2022\u2022\u2022\u2022\u2022\u2022\u2022\u2022\u2022\u2022\u2022\u2022\u2022\u2022\u2022\u2022\u2022\u2022\u2022<\/p>\n<p>Somos una tienda comprometida con ofrecerte productos de calidad y un servicio confiable<\/p>\n","protected":false},"excerpt":{"rendered":"<p>POS TOUCH TCK10 UNA PANTALLA CELERON \u2022 POS terminal con pantalla t\u00e1ctil \u2022 15.6\u201d LED Display con 1366*768 \u2022 CPU: Intel N97 quad core 1.996 \u2022 RAM: DDR4 8GB \u2022 SSD: 256 GB \u2022 Impresora t\u00e9rmica de 80 mm incorporada \u2022 Conexi\u00f3n Wi-Fi \u2022 Dise\u00f1o antirayones, antiaceite e impermeable \u2022 Color blanco y negro \u2022\u2022\u2022\u2022\u2022\u2022\u2022\u2022\u2022\u2022\u2022\u2022\u2022\u2022\u2022\u2022\u2022\u2022\u2022\u2022\u2022\u2022\u2022\u2022\u2022\u2022\u2022\u2022\u2022\u2022\u2022\u2022\u2022\u2022\u2022\u2022\u2022\u2022\u2022\u2022\u2022\u2022\u2022\u2022\u2022\u2022\u2022\u2022\u2022\u2022\u2022\u2022\u2022\u2022\u2022\u2022 [&hellip;]<\/p>\n","protected":false},"featured_media":112,"comment_status":"open","ping_status":"closed","template":"","meta":[],"product_brand":[],"product_cat":[20],"product_tag":[],"class_list":{"0":"post-75","1":"product","2":"type-product","3":"status-publish","4":"has-post-thumbnail","6":"product_cat-terminales-pos","8":"first","9":"instock","10":"shipping-taxable","11":"purchasable","12":"product-type-simple"},"yoast_head":"<!-- This site is optimized with the Yoast SEO plugin v27.3 - https:\/\/yoast.com\/product\/yoast-seo-wordpress\/ -->\n<title>POS 1 PANTALLA CELERON -<\/title>\n<meta name=\"description\" content=\"Equipos para punto de venta terminal POS con impresora t\u00e9rmica de 80mm incorporada, dise\u00f1o antirayones e impermeable, dise\u00f1ado para negocios de alto flujo.\" \/>\n<meta name=\"robots\" content=\"index, follow, max-snippet:-1, max-image-preview:large, max-video-preview:-1\" \/>\n<link rel=\"canonical\" href=\"https:\/\/smartcorp.com.ec\/index.php\/producto\/terminal-pos-1-pantalla-smartcorp\/\" \/>\n<meta property=\"og:locale\" content=\"es_ES\" \/>\n<meta property=\"og:type\" content=\"article\" \/>\n<meta property=\"og:title\" content=\"POS 1 PANTALLA CELERON -\" \/>\n<meta property=\"og:description\" content=\"Equipos para punto de venta terminal POS con impresora t\u00e9rmica de 80mm incorporada, dise\u00f1o antirayones e impermeable, dise\u00f1ado para negocios de alto flujo.\" \/>\n<meta property=\"og:url\" content=\"https:\/\/smartcorp.com.ec\/index.php\/producto\/terminal-pos-1-pantalla-smartcorp\/\" \/>\n<meta property=\"article:modified_time\" content=\"2025-12-12T15:45:07+00:00\" \/>\n<meta property=\"og:image\" content=\"https:\/\/smartcorp.com.ec\/wp-content\/uploads\/2025\/12\/pos-1-pantalla-celeron-1.png\" \/>\n\t<meta property=\"og:image:width\" content=\"456\" \/>\n\t<meta property=\"og:image:height\" content=\"490\" \/>\n\t<meta property=\"og:image:type\" content=\"image\/png\" \/>\n<meta name=\"twitter:card\" content=\"summary_large_image\" \/>\n<meta name=\"twitter:label1\" content=\"Tiempo de lectura\" \/>\n\t<meta name=\"twitter:data1\" content=\"1 minuto\" \/>\n<script type=\"application\/ld+json\" class=\"yoast-schema-graph\">{\"@context\":\"https:\\\/\\\/schema.org\",\"@graph\":[{\"@type\":\"WebPage\",\"@id\":\"https:\\\/\\\/smartcorp.com.ec\\\/index.php\\\/producto\\\/terminal-pos-1-pantalla-smartcorp\\\/\",\"url\":\"https:\\\/\\\/smartcorp.com.ec\\\/index.php\\\/producto\\\/terminal-pos-1-pantalla-smartcorp\\\/\",\"name\":\"POS 1 PANTALLA CELERON -\",\"isPartOf\":{\"@id\":\"https:\\\/\\\/smartcorp.com.ec\\\/#website\"},\"primaryImageOfPage\":{\"@id\":\"https:\\\/\\\/smartcorp.com.ec\\\/index.php\\\/producto\\\/terminal-pos-1-pantalla-smartcorp\\\/#primaryimage\"},\"image\":{\"@id\":\"https:\\\/\\\/smartcorp.com.ec\\\/index.php\\\/producto\\\/terminal-pos-1-pantalla-smartcorp\\\/#primaryimage\"},\"thumbnailUrl\":\"https:\\\/\\\/smartcorp.com.ec\\\/wp-content\\\/uploads\\\/2025\\\/12\\\/pos-1-pantalla-celeron-1.png\",\"datePublished\":\"2025-12-10T16:02:52+00:00\",\"dateModified\":\"2025-12-12T15:45:07+00:00\",\"description\":\"Equipos para punto de venta terminal POS con impresora t\u00e9rmica de 80mm incorporada, dise\u00f1o antirayones e impermeable, dise\u00f1ado para negocios de alto flujo.\",\"breadcrumb\":{\"@id\":\"https:\\\/\\\/smartcorp.com.ec\\\/index.php\\\/producto\\\/terminal-pos-1-pantalla-smartcorp\\\/#breadcrumb\"},\"inLanguage\":\"es\",\"potentialAction\":[{\"@type\":\"ReadAction\",\"target\":[\"https:\\\/\\\/smartcorp.com.ec\\\/index.php\\\/producto\\\/terminal-pos-1-pantalla-smartcorp\\\/\"]}]},{\"@type\":\"ImageObject\",\"inLanguage\":\"es\",\"@id\":\"https:\\\/\\\/smartcorp.com.ec\\\/index.php\\\/producto\\\/terminal-pos-1-pantalla-smartcorp\\\/#primaryimage\",\"url\":\"https:\\\/\\\/smartcorp.com.ec\\\/wp-content\\\/uploads\\\/2025\\\/12\\\/pos-1-pantalla-celeron-1.png\",\"contentUrl\":\"https:\\\/\\\/smartcorp.com.ec\\\/wp-content\\\/uploads\\\/2025\\\/12\\\/pos-1-pantalla-celeron-1.png\",\"width\":456,\"height\":490,\"caption\":\"pos 1 pantalla celeron\"},{\"@type\":\"BreadcrumbList\",\"@id\":\"https:\\\/\\\/smartcorp.com.ec\\\/index.php\\\/producto\\\/terminal-pos-1-pantalla-smartcorp\\\/#breadcrumb\",\"itemListElement\":[{\"@type\":\"ListItem\",\"position\":1,\"name\":\"Portada\",\"item\":\"https:\\\/\\\/smartcorp.com.ec\\\/\"},{\"@type\":\"ListItem\",\"position\":2,\"name\":\"Tienda\",\"item\":\"https:\\\/\\\/smartcorp.com.ec\\\/index.php\\\/tienda\\\/\"},{\"@type\":\"ListItem\",\"position\":3,\"name\":\"POS 1 PANTALLA CELERON\"}]},{\"@type\":\"WebSite\",\"@id\":\"https:\\\/\\\/smartcorp.com.ec\\\/#website\",\"url\":\"https:\\\/\\\/smartcorp.com.ec\\\/\",\"name\":\"\",\"description\":\"Equipo y sistema para punto de venta\",\"potentialAction\":[{\"@type\":\"SearchAction\",\"target\":{\"@type\":\"EntryPoint\",\"urlTemplate\":\"https:\\\/\\\/smartcorp.com.ec\\\/?s={search_term_string}\"},\"query-input\":{\"@type\":\"PropertyValueSpecification\",\"valueRequired\":true,\"valueName\":\"search_term_string\"}}],\"inLanguage\":\"es\"}]}<\/script>\n<!-- \/ Yoast SEO plugin. -->","yoast_head_json":{"title":"POS 1 PANTALLA CELERON -","description":"Equipos para punto de venta terminal POS con impresora t\u00e9rmica de 80mm incorporada, dise\u00f1o antirayones e impermeable, dise\u00f1ado para negocios de alto flujo.","robots":{"index":"index","follow":"follow","max-snippet":"max-snippet:-1","max-image-preview":"max-image-preview:large","max-video-preview":"max-video-preview:-1"},"canonical":"https:\/\/smartcorp.com.ec\/index.php\/producto\/terminal-pos-1-pantalla-smartcorp\/","og_locale":"es_ES","og_type":"article","og_title":"POS 1 PANTALLA CELERON -","og_description":"Equipos para punto de venta terminal POS con impresora t\u00e9rmica de 80mm incorporada, dise\u00f1o antirayones e impermeable, dise\u00f1ado para negocios de alto flujo.","og_url":"https:\/\/smartcorp.com.ec\/index.php\/producto\/terminal-pos-1-pantalla-smartcorp\/","article_modified_time":"2025-12-12T15:45:07+00:00","og_image":[{"width":456,"height":490,"url":"https:\/\/smartcorp.com.ec\/wp-content\/uploads\/2025\/12\/pos-1-pantalla-celeron-1.png","type":"image\/png"}],"twitter_card":"summary_large_image","twitter_misc":{"Tiempo de lectura":"1 minuto"},"schema":{"@context":"https:\/\/schema.org","@graph":[{"@type":"WebPage","@id":"https:\/\/smartcorp.com.ec\/index.php\/producto\/terminal-pos-1-pantalla-smartcorp\/","url":"https:\/\/smartcorp.com.ec\/index.php\/producto\/terminal-pos-1-pantalla-smartcorp\/","name":"POS 1 PANTALLA CELERON -","isPartOf":{"@id":"https:\/\/smartcorp.com.ec\/#website"},"primaryImageOfPage":{"@id":"https:\/\/smartcorp.com.ec\/index.php\/producto\/terminal-pos-1-pantalla-smartcorp\/#primaryimage"},"image":{"@id":"https:\/\/smartcorp.com.ec\/index.php\/producto\/terminal-pos-1-pantalla-smartcorp\/#primaryimage"},"thumbnailUrl":"https:\/\/smartcorp.com.ec\/wp-content\/uploads\/2025\/12\/pos-1-pantalla-celeron-1.png","datePublished":"2025-12-10T16:02:52+00:00","dateModified":"2025-12-12T15:45:07+00:00","description":"Equipos para punto de venta terminal POS con impresora t\u00e9rmica de 80mm incorporada, dise\u00f1o antirayones e impermeable, dise\u00f1ado para negocios de alto flujo.","breadcrumb":{"@id":"https:\/\/smartcorp.com.ec\/index.php\/producto\/terminal-pos-1-pantalla-smartcorp\/#breadcrumb"},"inLanguage":"es","potentialAction":[{"@type":"ReadAction","target":["https:\/\/smartcorp.com.ec\/index.php\/producto\/terminal-pos-1-pantalla-smartcorp\/"]}]},{"@type":"ImageObject","inLanguage":"es","@id":"https:\/\/smartcorp.com.ec\/index.php\/producto\/terminal-pos-1-pantalla-smartcorp\/#primaryimage","url":"https:\/\/smartcorp.com.ec\/wp-content\/uploads\/2025\/12\/pos-1-pantalla-celeron-1.png","contentUrl":"https:\/\/smartcorp.com.ec\/wp-content\/uploads\/2025\/12\/pos-1-pantalla-celeron-1.png","width":456,"height":490,"caption":"pos 1 pantalla celeron"},{"@type":"BreadcrumbList","@id":"https:\/\/smartcorp.com.ec\/index.php\/producto\/terminal-pos-1-pantalla-smartcorp\/#breadcrumb","itemListElement":[{"@type":"ListItem","position":1,"name":"Portada","item":"https:\/\/smartcorp.com.ec\/"},{"@type":"ListItem","position":2,"name":"Tienda","item":"https:\/\/smartcorp.com.ec\/index.php\/tienda\/"},{"@type":"ListItem","position":3,"name":"POS 1 PANTALLA CELERON"}]},{"@type":"WebSite","@id":"https:\/\/smartcorp.com.ec\/#website","url":"https:\/\/smartcorp.com.ec\/","name":"","description":"Equipo y sistema para punto de venta","potentialAction":[{"@type":"SearchAction","target":{"@type":"EntryPoint","urlTemplate":"https:\/\/smartcorp.com.ec\/?s={search_term_string}"},"query-input":{"@type":"PropertyValueSpecification","valueRequired":true,"valueName":"search_term_string"}}],"inLanguage":"es"}]}},"_links":{"self":[{"href":"https:\/\/smartcorp.com.ec\/index.php\/wp-json\/wp\/v2\/product\/75","targetHints":{"allow":["GET"]}}],"collection":[{"href":"https:\/\/smartcorp.com.ec\/index.php\/wp-json\/wp\/v2\/product"}],"about":[{"href":"https:\/\/smartcorp.com.ec\/index.php\/wp-json\/wp\/v2\/types\/product"}],"replies":[{"embeddable":true,"href":"https:\/\/smartcorp.com.ec\/index.php\/wp-json\/wp\/v2\/comments?post=75"}],"wp:featuredmedia":[{"embeddable":true,"href":"https:\/\/smartcorp.com.ec\/index.php\/wp-json\/wp\/v2\/media\/112"}],"wp:attachment":[{"href":"https:\/\/smartcorp.com.ec\/index.php\/wp-json\/wp\/v2\/media?parent=75"}],"wp:term":[{"taxonomy":"product_brand","embeddable":true,"href":"https:\/\/smartcorp.com.ec\/index.php\/wp-json\/wp\/v2\/product_brand?post=75"},{"taxonomy":"product_cat","embeddable":true,"href":"https:\/\/smartcorp.com.ec\/index.php\/wp-json\/wp\/v2\/product_cat?post=75"},{"taxonomy":"product_tag","embeddable":true,"href":"https:\/\/smartcorp.com.ec\/index.php\/wp-json\/wp\/v2\/product_tag?post=75"}],"curies":[{"name":"wp","href":"https:\/\/api.w.org\/{rel}","templated":true}]}}