{"id":391,"date":"2025-12-16T14:05:33","date_gmt":"2025-12-16T14:05:33","guid":{"rendered":"https:\/\/smartcorp.com.ec\/?post_type=product&#038;p=391"},"modified":"2025-12-16T14:09:12","modified_gmt":"2025-12-16T14:09:12","slug":"licencia-white-smartmenu","status":"publish","type":"product","link":"https:\/\/smartcorp.com.ec\/index.php\/producto\/licencia-white-smartmenu\/","title":{"rendered":"LICENCIA WHITE SMARTMEN\u00da"},"content":{"rendered":"<p><strong>SMARTMEN\u00da TOAST<\/strong><\/p>\n<p>Esta licencia es ideal para restaurantes con<strong> servicio en CAJA, <\/strong>el costo de la licencia incluye:<\/p>\n<ul>\n<li>Instalaci\u00f3n<\/li>\n<li>Capacitaci\u00f3n: 4 horas<\/li>\n<li>Soporte t\u00e9cnico<\/li>\n<\/ul>\n<p><strong>M\u00d3DULOS<\/strong><\/p>\n<ul>\n<li>Roles de usuarios<\/li>\n<li>Men\u00fa (categor\u00edas y productos)<\/li>\n<li>Facturaci\u00f3n electr\u00f3nica<\/li>\n<li>1 Licencias de comandas<\/li>\n<li>Reportes gr\u00e1ficos<\/li>\n<li>Alertas v\u00eda correo<\/li>\n<li>Apertura\/Cierre de caja<\/li>\n<li>1 Caja Compras<\/li>\n<li>Inventario por receta<\/li>\n<li>Cuentas por cobrar\/pagar<\/li>\n<li>ATS SRI<\/li>\n<li>Retenciones Notas de cr\u00e9dito\/ d\u00e9bito<\/li>\n<\/ul>\n","protected":false},"excerpt":{"rendered":"<p>SMARTMEN\u00da TOAST Esta licencia es ideal para restaurantes con servicio en CAJA, el costo de la licencia incluye: Instalaci\u00f3n Capacitaci\u00f3n: 4 horas Soporte t\u00e9cnico M\u00d3DULOS Roles de usuarios Men\u00fa (categor\u00edas y productos) Facturaci\u00f3n electr\u00f3nica 1 Licencias de comandas Reportes gr\u00e1ficos Alertas v\u00eda correo Apertura\/Cierre de caja 1 Caja Compras Inventario por receta Cuentas por cobrar\/pagar [&hellip;]<\/p>\n","protected":false},"featured_media":386,"comment_status":"open","ping_status":"closed","template":"","meta":[],"product_brand":[41,39,38],"product_cat":[16],"product_tag":[23,18,17,44,42],"class_list":{"0":"post-391","1":"product","2":"type-product","3":"status-publish","4":"has-post-thumbnail","6":"product_brand-punto-de-venta","7":"product_brand-sistema-para-restaurantes","8":"product_brand-software-gastronomico","9":"product_cat-software-para-restaurantes","10":"product_tag-equipos-para-restaurantes","11":"product_tag-facturacion-electronica","12":"product_tag-software","13":"product_tag-software-gastronomico","14":"product_tag-software-para-restaurantes","16":"first","17":"instock","18":"shipping-taxable","19":"purchasable","20":"product-type-simple"},"yoast_head":"<!-- This site is optimized with the Yoast SEO plugin v27.3 - https:\/\/yoast.com\/product\/yoast-seo-wordpress\/ -->\n<title>LICENCIA WHITE SMARTMEN\u00da -<\/title>\n<meta name=\"description\" content=\"Smartmen\u00fa es un sofware gastron\u00f3mico especializado en la gesti\u00f3n de restaurantes, su lincencia WHITE es perfecta para negocios con servicio en caja.\" \/>\n<meta name=\"robots\" content=\"index, follow, max-snippet:-1, max-image-preview:large, max-video-preview:-1\" \/>\n<link rel=\"canonical\" href=\"https:\/\/smartcorp.com.ec\/index.php\/producto\/licencia-white-smartmenu\/\" \/>\n<meta property=\"og:locale\" content=\"es_ES\" \/>\n<meta property=\"og:type\" content=\"article\" \/>\n<meta property=\"og:title\" content=\"LICENCIA WHITE SMARTMEN\u00da -\" \/>\n<meta property=\"og:description\" content=\"Smartmen\u00fa es un sofware gastron\u00f3mico especializado en la gesti\u00f3n de restaurantes, su lincencia WHITE es perfecta para negocios con servicio en caja.\" \/>\n<meta property=\"og:url\" content=\"https:\/\/smartcorp.com.ec\/index.php\/producto\/licencia-white-smartmenu\/\" \/>\n<meta property=\"article:modified_time\" content=\"2025-12-16T14:09:12+00:00\" \/>\n<meta property=\"og:image\" content=\"https:\/\/smartcorp.com.ec\/wp-content\/uploads\/2025\/12\/w.png\" \/>\n\t<meta property=\"og:image:width\" content=\"371\" \/>\n\t<meta property=\"og:image:height\" content=\"368\" \/>\n\t<meta property=\"og:image:type\" content=\"image\/png\" \/>\n<meta name=\"twitter:card\" content=\"summary_large_image\" \/>\n<meta name=\"twitter:label1\" content=\"Tiempo de lectura\" \/>\n\t<meta name=\"twitter:data1\" content=\"1 minuto\" \/>\n<script type=\"application\/ld+json\" class=\"yoast-schema-graph\">{\"@context\":\"https:\\\/\\\/schema.org\",\"@graph\":[{\"@type\":\"WebPage\",\"@id\":\"https:\\\/\\\/smartcorp.com.ec\\\/index.php\\\/producto\\\/licencia-white-smartmenu\\\/\",\"url\":\"https:\\\/\\\/smartcorp.com.ec\\\/index.php\\\/producto\\\/licencia-white-smartmenu\\\/\",\"name\":\"LICENCIA WHITE SMARTMEN\u00da -\",\"isPartOf\":{\"@id\":\"https:\\\/\\\/smartcorp.com.ec\\\/#website\"},\"primaryImageOfPage\":{\"@id\":\"https:\\\/\\\/smartcorp.com.ec\\\/index.php\\\/producto\\\/licencia-white-smartmenu\\\/#primaryimage\"},\"image\":{\"@id\":\"https:\\\/\\\/smartcorp.com.ec\\\/index.php\\\/producto\\\/licencia-white-smartmenu\\\/#primaryimage\"},\"thumbnailUrl\":\"https:\\\/\\\/smartcorp.com.ec\\\/wp-content\\\/uploads\\\/2025\\\/12\\\/w.png\",\"datePublished\":\"2025-12-16T14:05:33+00:00\",\"dateModified\":\"2025-12-16T14:09:12+00:00\",\"description\":\"Smartmen\u00fa es un sofware gastron\u00f3mico especializado en la gesti\u00f3n de restaurantes, su lincencia WHITE es perfecta para negocios con servicio en caja.\",\"breadcrumb\":{\"@id\":\"https:\\\/\\\/smartcorp.com.ec\\\/index.php\\\/producto\\\/licencia-white-smartmenu\\\/#breadcrumb\"},\"inLanguage\":\"es\",\"potentialAction\":[{\"@type\":\"ReadAction\",\"target\":[\"https:\\\/\\\/smartcorp.com.ec\\\/index.php\\\/producto\\\/licencia-white-smartmenu\\\/\"]}]},{\"@type\":\"ImageObject\",\"inLanguage\":\"es\",\"@id\":\"https:\\\/\\\/smartcorp.com.ec\\\/index.php\\\/producto\\\/licencia-white-smartmenu\\\/#primaryimage\",\"url\":\"https:\\\/\\\/smartcorp.com.ec\\\/wp-content\\\/uploads\\\/2025\\\/12\\\/w.png\",\"contentUrl\":\"https:\\\/\\\/smartcorp.com.ec\\\/wp-content\\\/uploads\\\/2025\\\/12\\\/w.png\",\"width\":371,\"height\":368},{\"@type\":\"BreadcrumbList\",\"@id\":\"https:\\\/\\\/smartcorp.com.ec\\\/index.php\\\/producto\\\/licencia-white-smartmenu\\\/#breadcrumb\",\"itemListElement\":[{\"@type\":\"ListItem\",\"position\":1,\"name\":\"Portada\",\"item\":\"https:\\\/\\\/smartcorp.com.ec\\\/\"},{\"@type\":\"ListItem\",\"position\":2,\"name\":\"Tienda\",\"item\":\"https:\\\/\\\/smartcorp.com.ec\\\/index.php\\\/tienda\\\/\"},{\"@type\":\"ListItem\",\"position\":3,\"name\":\"LICENCIA WHITE SMARTMEN\u00da\"}]},{\"@type\":\"WebSite\",\"@id\":\"https:\\\/\\\/smartcorp.com.ec\\\/#website\",\"url\":\"https:\\\/\\\/smartcorp.com.ec\\\/\",\"name\":\"\",\"description\":\"Equipo y sistema para punto de venta\",\"potentialAction\":[{\"@type\":\"SearchAction\",\"target\":{\"@type\":\"EntryPoint\",\"urlTemplate\":\"https:\\\/\\\/smartcorp.com.ec\\\/?s={search_term_string}\"},\"query-input\":{\"@type\":\"PropertyValueSpecification\",\"valueRequired\":true,\"valueName\":\"search_term_string\"}}],\"inLanguage\":\"es\"}]}<\/script>\n<!-- \/ Yoast SEO plugin. -->","yoast_head_json":{"title":"LICENCIA WHITE SMARTMEN\u00da -","description":"Smartmen\u00fa es un sofware gastron\u00f3mico especializado en la gesti\u00f3n de restaurantes, su lincencia WHITE es perfecta para negocios con servicio en caja.","robots":{"index":"index","follow":"follow","max-snippet":"max-snippet:-1","max-image-preview":"max-image-preview:large","max-video-preview":"max-video-preview:-1"},"canonical":"https:\/\/smartcorp.com.ec\/index.php\/producto\/licencia-white-smartmenu\/","og_locale":"es_ES","og_type":"article","og_title":"LICENCIA WHITE SMARTMEN\u00da -","og_description":"Smartmen\u00fa es un sofware gastron\u00f3mico especializado en la gesti\u00f3n de restaurantes, su lincencia WHITE es perfecta para negocios con servicio en caja.","og_url":"https:\/\/smartcorp.com.ec\/index.php\/producto\/licencia-white-smartmenu\/","article_modified_time":"2025-12-16T14:09:12+00:00","og_image":[{"width":371,"height":368,"url":"https:\/\/smartcorp.com.ec\/wp-content\/uploads\/2025\/12\/w.png","type":"image\/png"}],"twitter_card":"summary_large_image","twitter_misc":{"Tiempo de lectura":"1 minuto"},"schema":{"@context":"https:\/\/schema.org","@graph":[{"@type":"WebPage","@id":"https:\/\/smartcorp.com.ec\/index.php\/producto\/licencia-white-smartmenu\/","url":"https:\/\/smartcorp.com.ec\/index.php\/producto\/licencia-white-smartmenu\/","name":"LICENCIA WHITE SMARTMEN\u00da -","isPartOf":{"@id":"https:\/\/smartcorp.com.ec\/#website"},"primaryImageOfPage":{"@id":"https:\/\/smartcorp.com.ec\/index.php\/producto\/licencia-white-smartmenu\/#primaryimage"},"image":{"@id":"https:\/\/smartcorp.com.ec\/index.php\/producto\/licencia-white-smartmenu\/#primaryimage"},"thumbnailUrl":"https:\/\/smartcorp.com.ec\/wp-content\/uploads\/2025\/12\/w.png","datePublished":"2025-12-16T14:05:33+00:00","dateModified":"2025-12-16T14:09:12+00:00","description":"Smartmen\u00fa es un sofware gastron\u00f3mico especializado en la gesti\u00f3n de restaurantes, su lincencia WHITE es perfecta para negocios con servicio en caja.","breadcrumb":{"@id":"https:\/\/smartcorp.com.ec\/index.php\/producto\/licencia-white-smartmenu\/#breadcrumb"},"inLanguage":"es","potentialAction":[{"@type":"ReadAction","target":["https:\/\/smartcorp.com.ec\/index.php\/producto\/licencia-white-smartmenu\/"]}]},{"@type":"ImageObject","inLanguage":"es","@id":"https:\/\/smartcorp.com.ec\/index.php\/producto\/licencia-white-smartmenu\/#primaryimage","url":"https:\/\/smartcorp.com.ec\/wp-content\/uploads\/2025\/12\/w.png","contentUrl":"https:\/\/smartcorp.com.ec\/wp-content\/uploads\/2025\/12\/w.png","width":371,"height":368},{"@type":"BreadcrumbList","@id":"https:\/\/smartcorp.com.ec\/index.php\/producto\/licencia-white-smartmenu\/#breadcrumb","itemListElement":[{"@type":"ListItem","position":1,"name":"Portada","item":"https:\/\/smartcorp.com.ec\/"},{"@type":"ListItem","position":2,"name":"Tienda","item":"https:\/\/smartcorp.com.ec\/index.php\/tienda\/"},{"@type":"ListItem","position":3,"name":"LICENCIA WHITE SMARTMEN\u00da"}]},{"@type":"WebSite","@id":"https:\/\/smartcorp.com.ec\/#website","url":"https:\/\/smartcorp.com.ec\/","name":"","description":"Equipo y sistema para punto de venta","potentialAction":[{"@type":"SearchAction","target":{"@type":"EntryPoint","urlTemplate":"https:\/\/smartcorp.com.ec\/?s={search_term_string}"},"query-input":{"@type":"PropertyValueSpecification","valueRequired":true,"valueName":"search_term_string"}}],"inLanguage":"es"}]}},"_links":{"self":[{"href":"https:\/\/smartcorp.com.ec\/index.php\/wp-json\/wp\/v2\/product\/391","targetHints":{"allow":["GET"]}}],"collection":[{"href":"https:\/\/smartcorp.com.ec\/index.php\/wp-json\/wp\/v2\/product"}],"about":[{"href":"https:\/\/smartcorp.com.ec\/index.php\/wp-json\/wp\/v2\/types\/product"}],"replies":[{"embeddable":true,"href":"https:\/\/smartcorp.com.ec\/index.php\/wp-json\/wp\/v2\/comments?post=391"}],"wp:featuredmedia":[{"embeddable":true,"href":"https:\/\/smartcorp.com.ec\/index.php\/wp-json\/wp\/v2\/media\/386"}],"wp:attachment":[{"href":"https:\/\/smartcorp.com.ec\/index.php\/wp-json\/wp\/v2\/media?parent=391"}],"wp:term":[{"taxonomy":"product_brand","embeddable":true,"href":"https:\/\/smartcorp.com.ec\/index.php\/wp-json\/wp\/v2\/product_brand?post=391"},{"taxonomy":"product_cat","embeddable":true,"href":"https:\/\/smartcorp.com.ec\/index.php\/wp-json\/wp\/v2\/product_cat?post=391"},{"taxonomy":"product_tag","embeddable":true,"href":"https:\/\/smartcorp.com.ec\/index.php\/wp-json\/wp\/v2\/product_tag?post=391"}],"curies":[{"name":"wp","href":"https:\/\/api.w.org\/{rel}","templated":true}]}}