{"id":136,"date":"2025-12-12T14:57:29","date_gmt":"2025-12-12T14:57:29","guid":{"rendered":"https:\/\/smartcorp.com.ec\/?post_type=product&#038;p=136"},"modified":"2025-12-12T15:06:41","modified_gmt":"2025-12-12T15:06:41","slug":"impreso-termica-smartcorp","status":"publish","type":"product","link":"https:\/\/smartcorp.com.ec\/index.php\/producto\/impreso-termica-smartcorp\/","title":{"rendered":"IMPRESORA T\u00c9RMICA SMARTCORP"},"content":{"rendered":"<p>&#8211; Ancho 80mm<br \/>\n&#8211; Corte autom\u00e1tico<br \/>\n&#8211; Conexi\u00f3n RJ11<\/p>\n","protected":false},"excerpt":{"rendered":"<p>&#8211; Ancho 80mm &#8211; Corte autom\u00e1tico &#8211; Conexi\u00f3n RJ11<\/p>\n","protected":false},"featured_media":146,"comment_status":"open","ping_status":"closed","template":"","meta":[],"product_brand":[],"product_cat":[25],"product_tag":[23,22,18,26,17],"class_list":{"0":"post-136","1":"product","2":"type-product","3":"status-publish","4":"has-post-thumbnail","6":"product_cat-impresoras","7":"product_tag-equipos-para-restaurantes","8":"product_tag-equipos-punto-de-venta","9":"product_tag-facturacion-electronica","10":"product_tag-impresora-termica","11":"product_tag-software","13":"first","14":"instock","15":"shipping-taxable","16":"purchasable","17":"product-type-simple"},"yoast_head":"<!-- This site is optimized with the Yoast SEO plugin v27.3 - https:\/\/yoast.com\/product\/yoast-seo-wordpress\/ -->\n<title>IMPRESORA T\u00c9RMICA SMARTCORP -<\/title>\n<meta name=\"description\" content=\"Impresora t\u00e9rmica smartcorp de 80mm ideal para la impresion de comandas en cocina o comprobantes electr\u00f3nicos en negocios gastr\u00f3n\u00f3micos.\" \/>\n<meta name=\"robots\" content=\"index, follow, max-snippet:-1, max-image-preview:large, max-video-preview:-1\" \/>\n<link rel=\"canonical\" href=\"https:\/\/smartcorp.com.ec\/index.php\/producto\/impreso-termica-smartcorp\/\" \/>\n<meta property=\"og:locale\" content=\"es_ES\" \/>\n<meta property=\"og:type\" content=\"article\" \/>\n<meta property=\"og:title\" content=\"IMPRESORA T\u00c9RMICA SMARTCORP -\" \/>\n<meta property=\"og:description\" content=\"Impresora t\u00e9rmica smartcorp de 80mm ideal para la impresion de comandas en cocina o comprobantes electr\u00f3nicos en negocios gastr\u00f3n\u00f3micos.\" \/>\n<meta property=\"og:url\" content=\"https:\/\/smartcorp.com.ec\/index.php\/producto\/impreso-termica-smartcorp\/\" \/>\n<meta property=\"article:modified_time\" content=\"2025-12-12T15:06:41+00:00\" \/>\n<meta property=\"og:image\" content=\"https:\/\/smartcorp.com.ec\/wp-content\/uploads\/2025\/12\/IMPRESORA-TERMICA-SMARTCORP.jpg\" \/>\n\t<meta property=\"og:image:width\" content=\"455\" \/>\n\t<meta property=\"og:image:height\" content=\"490\" \/>\n\t<meta property=\"og:image:type\" content=\"image\/jpeg\" \/>\n<meta name=\"twitter:card\" content=\"summary_large_image\" \/>\n<meta name=\"twitter:label1\" content=\"Tiempo de lectura\" \/>\n\t<meta name=\"twitter:data1\" content=\"1 minuto\" \/>\n<script type=\"application\/ld+json\" class=\"yoast-schema-graph\">{\"@context\":\"https:\\\/\\\/schema.org\",\"@graph\":[{\"@type\":\"WebPage\",\"@id\":\"https:\\\/\\\/smartcorp.com.ec\\\/index.php\\\/producto\\\/impreso-termica-smartcorp\\\/\",\"url\":\"https:\\\/\\\/smartcorp.com.ec\\\/index.php\\\/producto\\\/impreso-termica-smartcorp\\\/\",\"name\":\"IMPRESORA T\u00c9RMICA SMARTCORP -\",\"isPartOf\":{\"@id\":\"https:\\\/\\\/smartcorp.com.ec\\\/#website\"},\"primaryImageOfPage\":{\"@id\":\"https:\\\/\\\/smartcorp.com.ec\\\/index.php\\\/producto\\\/impreso-termica-smartcorp\\\/#primaryimage\"},\"image\":{\"@id\":\"https:\\\/\\\/smartcorp.com.ec\\\/index.php\\\/producto\\\/impreso-termica-smartcorp\\\/#primaryimage\"},\"thumbnailUrl\":\"https:\\\/\\\/smartcorp.com.ec\\\/wp-content\\\/uploads\\\/2025\\\/12\\\/IMPRESORA-TERMICA-SMARTCORP.jpg\",\"datePublished\":\"2025-12-12T14:57:29+00:00\",\"dateModified\":\"2025-12-12T15:06:41+00:00\",\"description\":\"Impresora t\u00e9rmica smartcorp de 80mm ideal para la impresion de comandas en cocina o comprobantes electr\u00f3nicos en negocios gastr\u00f3n\u00f3micos.\",\"breadcrumb\":{\"@id\":\"https:\\\/\\\/smartcorp.com.ec\\\/index.php\\\/producto\\\/impreso-termica-smartcorp\\\/#breadcrumb\"},\"inLanguage\":\"es\",\"potentialAction\":[{\"@type\":\"ReadAction\",\"target\":[\"https:\\\/\\\/smartcorp.com.ec\\\/index.php\\\/producto\\\/impreso-termica-smartcorp\\\/\"]}]},{\"@type\":\"ImageObject\",\"inLanguage\":\"es\",\"@id\":\"https:\\\/\\\/smartcorp.com.ec\\\/index.php\\\/producto\\\/impreso-termica-smartcorp\\\/#primaryimage\",\"url\":\"https:\\\/\\\/smartcorp.com.ec\\\/wp-content\\\/uploads\\\/2025\\\/12\\\/IMPRESORA-TERMICA-SMARTCORP.jpg\",\"contentUrl\":\"https:\\\/\\\/smartcorp.com.ec\\\/wp-content\\\/uploads\\\/2025\\\/12\\\/IMPRESORA-TERMICA-SMARTCORP.jpg\",\"width\":455,\"height\":490,\"caption\":\"IMPRESORA-T\u00c9RMICA-SMARTCORP\"},{\"@type\":\"BreadcrumbList\",\"@id\":\"https:\\\/\\\/smartcorp.com.ec\\\/index.php\\\/producto\\\/impreso-termica-smartcorp\\\/#breadcrumb\",\"itemListElement\":[{\"@type\":\"ListItem\",\"position\":1,\"name\":\"Portada\",\"item\":\"https:\\\/\\\/smartcorp.com.ec\\\/\"},{\"@type\":\"ListItem\",\"position\":2,\"name\":\"Tienda\",\"item\":\"https:\\\/\\\/smartcorp.com.ec\\\/index.php\\\/tienda\\\/\"},{\"@type\":\"ListItem\",\"position\":3,\"name\":\"IMPRESORA T\u00c9RMICA SMARTCORP\"}]},{\"@type\":\"WebSite\",\"@id\":\"https:\\\/\\\/smartcorp.com.ec\\\/#website\",\"url\":\"https:\\\/\\\/smartcorp.com.ec\\\/\",\"name\":\"\",\"description\":\"Equipo y sistema para punto de venta\",\"potentialAction\":[{\"@type\":\"SearchAction\",\"target\":{\"@type\":\"EntryPoint\",\"urlTemplate\":\"https:\\\/\\\/smartcorp.com.ec\\\/?s={search_term_string}\"},\"query-input\":{\"@type\":\"PropertyValueSpecification\",\"valueRequired\":true,\"valueName\":\"search_term_string\"}}],\"inLanguage\":\"es\"}]}<\/script>\n<!-- \/ Yoast SEO plugin. -->","yoast_head_json":{"title":"IMPRESORA T\u00c9RMICA SMARTCORP -","description":"Impresora t\u00e9rmica smartcorp de 80mm ideal para la impresion de comandas en cocina o comprobantes electr\u00f3nicos en negocios gastr\u00f3n\u00f3micos.","robots":{"index":"index","follow":"follow","max-snippet":"max-snippet:-1","max-image-preview":"max-image-preview:large","max-video-preview":"max-video-preview:-1"},"canonical":"https:\/\/smartcorp.com.ec\/index.php\/producto\/impreso-termica-smartcorp\/","og_locale":"es_ES","og_type":"article","og_title":"IMPRESORA T\u00c9RMICA SMARTCORP -","og_description":"Impresora t\u00e9rmica smartcorp de 80mm ideal para la impresion de comandas en cocina o comprobantes electr\u00f3nicos en negocios gastr\u00f3n\u00f3micos.","og_url":"https:\/\/smartcorp.com.ec\/index.php\/producto\/impreso-termica-smartcorp\/","article_modified_time":"2025-12-12T15:06:41+00:00","og_image":[{"width":455,"height":490,"url":"https:\/\/smartcorp.com.ec\/wp-content\/uploads\/2025\/12\/IMPRESORA-TERMICA-SMARTCORP.jpg","type":"image\/jpeg"}],"twitter_card":"summary_large_image","twitter_misc":{"Tiempo de lectura":"1 minuto"},"schema":{"@context":"https:\/\/schema.org","@graph":[{"@type":"WebPage","@id":"https:\/\/smartcorp.com.ec\/index.php\/producto\/impreso-termica-smartcorp\/","url":"https:\/\/smartcorp.com.ec\/index.php\/producto\/impreso-termica-smartcorp\/","name":"IMPRESORA T\u00c9RMICA SMARTCORP -","isPartOf":{"@id":"https:\/\/smartcorp.com.ec\/#website"},"primaryImageOfPage":{"@id":"https:\/\/smartcorp.com.ec\/index.php\/producto\/impreso-termica-smartcorp\/#primaryimage"},"image":{"@id":"https:\/\/smartcorp.com.ec\/index.php\/producto\/impreso-termica-smartcorp\/#primaryimage"},"thumbnailUrl":"https:\/\/smartcorp.com.ec\/wp-content\/uploads\/2025\/12\/IMPRESORA-TERMICA-SMARTCORP.jpg","datePublished":"2025-12-12T14:57:29+00:00","dateModified":"2025-12-12T15:06:41+00:00","description":"Impresora t\u00e9rmica smartcorp de 80mm ideal para la impresion de comandas en cocina o comprobantes electr\u00f3nicos en negocios gastr\u00f3n\u00f3micos.","breadcrumb":{"@id":"https:\/\/smartcorp.com.ec\/index.php\/producto\/impreso-termica-smartcorp\/#breadcrumb"},"inLanguage":"es","potentialAction":[{"@type":"ReadAction","target":["https:\/\/smartcorp.com.ec\/index.php\/producto\/impreso-termica-smartcorp\/"]}]},{"@type":"ImageObject","inLanguage":"es","@id":"https:\/\/smartcorp.com.ec\/index.php\/producto\/impreso-termica-smartcorp\/#primaryimage","url":"https:\/\/smartcorp.com.ec\/wp-content\/uploads\/2025\/12\/IMPRESORA-TERMICA-SMARTCORP.jpg","contentUrl":"https:\/\/smartcorp.com.ec\/wp-content\/uploads\/2025\/12\/IMPRESORA-TERMICA-SMARTCORP.jpg","width":455,"height":490,"caption":"IMPRESORA-T\u00c9RMICA-SMARTCORP"},{"@type":"BreadcrumbList","@id":"https:\/\/smartcorp.com.ec\/index.php\/producto\/impreso-termica-smartcorp\/#breadcrumb","itemListElement":[{"@type":"ListItem","position":1,"name":"Portada","item":"https:\/\/smartcorp.com.ec\/"},{"@type":"ListItem","position":2,"name":"Tienda","item":"https:\/\/smartcorp.com.ec\/index.php\/tienda\/"},{"@type":"ListItem","position":3,"name":"IMPRESORA T\u00c9RMICA SMARTCORP"}]},{"@type":"WebSite","@id":"https:\/\/smartcorp.com.ec\/#website","url":"https:\/\/smartcorp.com.ec\/","name":"","description":"Equipo y sistema para punto de venta","potentialAction":[{"@type":"SearchAction","target":{"@type":"EntryPoint","urlTemplate":"https:\/\/smartcorp.com.ec\/?s={search_term_string}"},"query-input":{"@type":"PropertyValueSpecification","valueRequired":true,"valueName":"search_term_string"}}],"inLanguage":"es"}]}},"_links":{"self":[{"href":"https:\/\/smartcorp.com.ec\/index.php\/wp-json\/wp\/v2\/product\/136","targetHints":{"allow":["GET"]}}],"collection":[{"href":"https:\/\/smartcorp.com.ec\/index.php\/wp-json\/wp\/v2\/product"}],"about":[{"href":"https:\/\/smartcorp.com.ec\/index.php\/wp-json\/wp\/v2\/types\/product"}],"replies":[{"embeddable":true,"href":"https:\/\/smartcorp.com.ec\/index.php\/wp-json\/wp\/v2\/comments?post=136"}],"wp:featuredmedia":[{"embeddable":true,"href":"https:\/\/smartcorp.com.ec\/index.php\/wp-json\/wp\/v2\/media\/146"}],"wp:attachment":[{"href":"https:\/\/smartcorp.com.ec\/index.php\/wp-json\/wp\/v2\/media?parent=136"}],"wp:term":[{"taxonomy":"product_brand","embeddable":true,"href":"https:\/\/smartcorp.com.ec\/index.php\/wp-json\/wp\/v2\/product_brand?post=136"},{"taxonomy":"product_cat","embeddable":true,"href":"https:\/\/smartcorp.com.ec\/index.php\/wp-json\/wp\/v2\/product_cat?post=136"},{"taxonomy":"product_tag","embeddable":true,"href":"https:\/\/smartcorp.com.ec\/index.php\/wp-json\/wp\/v2\/product_tag?post=136"}],"curies":[{"name":"wp","href":"https:\/\/api.w.org\/{rel}","templated":true}]}}