{"id":83,"date":"2025-12-10T16:02:52","date_gmt":"2025-12-10T16:02:52","guid":{"rendered":"https:\/\/smartcorp.com.ec\/index.php\/product-page\/"},"modified":"2025-12-15T15:22:07","modified_gmt":"2025-12-15T15:22:07","slug":"product-page","status":"publish","type":"page","link":"https:\/\/smartcorp.com.ec\/index.php\/product-page\/","title":{"rendered":"Smartmen\u00fa"},"content":{"rendered":"\n<p class=\"has-medium-font-size\">Es la mejor soluci\u00f3n para administrar y supervisar tu restaurante, bar, cafeter\u00eda y cualquier negocio de comida.<\/p>\n\n\n\n<p class=\"has-medium-font-size\"><strong>Al usar nuestro sofware gastron\u00f3mico te aseguramos:<\/strong><\/p>\n\n\n\n<p class=\"has-medium-font-size\">Eficiencia, al reducir el tiempo en los procesos de trabajo.<\/p>\n\n\n\n<p><\/p>\n","protected":false},"excerpt":{"rendered":"<p>Es la mejor soluci\u00f3n para administrar y supervisar tu restaurante, bar, cafeter\u00eda y cualquier negocio de comida. Al usar nuestro sofware gastron\u00f3mico te aseguramos: Eficiencia, al reducir el tiempo en los procesos de trabajo.<\/p>\n","protected":false},"author":1,"featured_media":252,"parent":0,"menu_order":0,"comment_status":"closed","ping_status":"closed","template":"","meta":{"footnotes":""},"class_list":["post-83","page","type-page","status-publish","has-post-thumbnail","hentry"],"yoast_head":"<!-- This site is optimized with the Yoast SEO plugin v27.3 - https:\/\/yoast.com\/product\/yoast-seo-wordpress\/ -->\n<title>Smartmen\u00fa -<\/title>\n<meta name=\"description\" content=\"Smartmen\u00fa es la mejor soluci\u00f3n para administrar y supervisar tu restaurante, bar, cafeter\u00eda y cualquier negocio de comida.\" \/>\n<meta name=\"robots\" content=\"index, follow, max-snippet:-1, max-image-preview:large, max-video-preview:-1\" \/>\n<link rel=\"canonical\" href=\"https:\/\/smartcorp.com.ec\/index.php\/product-page\/\" \/>\n<meta property=\"og:locale\" content=\"es_ES\" \/>\n<meta property=\"og:type\" content=\"article\" \/>\n<meta property=\"og:title\" content=\"Smartmen\u00fa -\" \/>\n<meta property=\"og:description\" content=\"Smartmen\u00fa es la mejor soluci\u00f3n para administrar y supervisar tu restaurante, bar, cafeter\u00eda y cualquier negocio de comida.\" \/>\n<meta property=\"og:url\" content=\"https:\/\/smartcorp.com.ec\/index.php\/product-page\/\" \/>\n<meta property=\"article:modified_time\" content=\"2025-12-15T15:22:07+00:00\" \/>\n<meta property=\"og:image\" content=\"https:\/\/smartcorp.com.ec\/wp-content\/uploads\/2025\/12\/sistema-smartmenu_Mesa-de-trabajo-1.jpg\" \/>\n\t<meta property=\"og:image:width\" content=\"1822\" \/>\n\t<meta property=\"og:image:height\" content=\"748\" \/>\n\t<meta property=\"og:image:type\" content=\"image\/jpeg\" \/>\n<meta name=\"twitter:card\" content=\"summary_large_image\" \/>\n<meta name=\"twitter:label1\" content=\"Tiempo de lectura\" \/>\n\t<meta name=\"twitter:data1\" content=\"1 minuto\" \/>\n<script type=\"application\/ld+json\" class=\"yoast-schema-graph\">{\"@context\":\"https:\\\/\\\/schema.org\",\"@graph\":[{\"@type\":\"WebPage\",\"@id\":\"https:\\\/\\\/smartcorp.com.ec\\\/index.php\\\/product-page\\\/\",\"url\":\"https:\\\/\\\/smartcorp.com.ec\\\/index.php\\\/product-page\\\/\",\"name\":\"Smartmen\u00fa -\",\"isPartOf\":{\"@id\":\"https:\\\/\\\/smartcorp.com.ec\\\/#website\"},\"primaryImageOfPage\":{\"@id\":\"https:\\\/\\\/smartcorp.com.ec\\\/index.php\\\/product-page\\\/#primaryimage\"},\"image\":{\"@id\":\"https:\\\/\\\/smartcorp.com.ec\\\/index.php\\\/product-page\\\/#primaryimage\"},\"thumbnailUrl\":\"https:\\\/\\\/smartcorp.com.ec\\\/wp-content\\\/uploads\\\/2025\\\/12\\\/sistema-smartmenu_Mesa-de-trabajo-1.jpg\",\"datePublished\":\"2025-12-10T16:02:52+00:00\",\"dateModified\":\"2025-12-15T15:22:07+00:00\",\"description\":\"Smartmen\u00fa es la mejor soluci\u00f3n para administrar y supervisar tu restaurante, bar, cafeter\u00eda y cualquier negocio de comida.\",\"breadcrumb\":{\"@id\":\"https:\\\/\\\/smartcorp.com.ec\\\/index.php\\\/product-page\\\/#breadcrumb\"},\"inLanguage\":\"es\",\"potentialAction\":[{\"@type\":\"ReadAction\",\"target\":[\"https:\\\/\\\/smartcorp.com.ec\\\/index.php\\\/product-page\\\/\"]}]},{\"@type\":\"ImageObject\",\"inLanguage\":\"es\",\"@id\":\"https:\\\/\\\/smartcorp.com.ec\\\/index.php\\\/product-page\\\/#primaryimage\",\"url\":\"https:\\\/\\\/smartcorp.com.ec\\\/wp-content\\\/uploads\\\/2025\\\/12\\\/sistema-smartmenu_Mesa-de-trabajo-1.jpg\",\"contentUrl\":\"https:\\\/\\\/smartcorp.com.ec\\\/wp-content\\\/uploads\\\/2025\\\/12\\\/sistema-smartmenu_Mesa-de-trabajo-1.jpg\",\"width\":1822,\"height\":748},{\"@type\":\"BreadcrumbList\",\"@id\":\"https:\\\/\\\/smartcorp.com.ec\\\/index.php\\\/product-page\\\/#breadcrumb\",\"itemListElement\":[{\"@type\":\"ListItem\",\"position\":1,\"name\":\"Portada\",\"item\":\"https:\\\/\\\/smartcorp.com.ec\\\/\"},{\"@type\":\"ListItem\",\"position\":2,\"name\":\"Smartmen\u00fa\"}]},{\"@type\":\"WebSite\",\"@id\":\"https:\\\/\\\/smartcorp.com.ec\\\/#website\",\"url\":\"https:\\\/\\\/smartcorp.com.ec\\\/\",\"name\":\"\",\"description\":\"Equipo y sistema para punto de venta\",\"potentialAction\":[{\"@type\":\"SearchAction\",\"target\":{\"@type\":\"EntryPoint\",\"urlTemplate\":\"https:\\\/\\\/smartcorp.com.ec\\\/?s={search_term_string}\"},\"query-input\":{\"@type\":\"PropertyValueSpecification\",\"valueRequired\":true,\"valueName\":\"search_term_string\"}}],\"inLanguage\":\"es\"}]}<\/script>\n<!-- \/ Yoast SEO plugin. -->","yoast_head_json":{"title":"Smartmen\u00fa -","description":"Smartmen\u00fa es la mejor soluci\u00f3n para administrar y supervisar tu restaurante, bar, cafeter\u00eda y cualquier negocio de comida.","robots":{"index":"index","follow":"follow","max-snippet":"max-snippet:-1","max-image-preview":"max-image-preview:large","max-video-preview":"max-video-preview:-1"},"canonical":"https:\/\/smartcorp.com.ec\/index.php\/product-page\/","og_locale":"es_ES","og_type":"article","og_title":"Smartmen\u00fa -","og_description":"Smartmen\u00fa es la mejor soluci\u00f3n para administrar y supervisar tu restaurante, bar, cafeter\u00eda y cualquier negocio de comida.","og_url":"https:\/\/smartcorp.com.ec\/index.php\/product-page\/","article_modified_time":"2025-12-15T15:22:07+00:00","og_image":[{"width":1822,"height":748,"url":"https:\/\/smartcorp.com.ec\/wp-content\/uploads\/2025\/12\/sistema-smartmenu_Mesa-de-trabajo-1.jpg","type":"image\/jpeg"}],"twitter_card":"summary_large_image","twitter_misc":{"Tiempo de lectura":"1 minuto"},"schema":{"@context":"https:\/\/schema.org","@graph":[{"@type":"WebPage","@id":"https:\/\/smartcorp.com.ec\/index.php\/product-page\/","url":"https:\/\/smartcorp.com.ec\/index.php\/product-page\/","name":"Smartmen\u00fa -","isPartOf":{"@id":"https:\/\/smartcorp.com.ec\/#website"},"primaryImageOfPage":{"@id":"https:\/\/smartcorp.com.ec\/index.php\/product-page\/#primaryimage"},"image":{"@id":"https:\/\/smartcorp.com.ec\/index.php\/product-page\/#primaryimage"},"thumbnailUrl":"https:\/\/smartcorp.com.ec\/wp-content\/uploads\/2025\/12\/sistema-smartmenu_Mesa-de-trabajo-1.jpg","datePublished":"2025-12-10T16:02:52+00:00","dateModified":"2025-12-15T15:22:07+00:00","description":"Smartmen\u00fa es la mejor soluci\u00f3n para administrar y supervisar tu restaurante, bar, cafeter\u00eda y cualquier negocio de comida.","breadcrumb":{"@id":"https:\/\/smartcorp.com.ec\/index.php\/product-page\/#breadcrumb"},"inLanguage":"es","potentialAction":[{"@type":"ReadAction","target":["https:\/\/smartcorp.com.ec\/index.php\/product-page\/"]}]},{"@type":"ImageObject","inLanguage":"es","@id":"https:\/\/smartcorp.com.ec\/index.php\/product-page\/#primaryimage","url":"https:\/\/smartcorp.com.ec\/wp-content\/uploads\/2025\/12\/sistema-smartmenu_Mesa-de-trabajo-1.jpg","contentUrl":"https:\/\/smartcorp.com.ec\/wp-content\/uploads\/2025\/12\/sistema-smartmenu_Mesa-de-trabajo-1.jpg","width":1822,"height":748},{"@type":"BreadcrumbList","@id":"https:\/\/smartcorp.com.ec\/index.php\/product-page\/#breadcrumb","itemListElement":[{"@type":"ListItem","position":1,"name":"Portada","item":"https:\/\/smartcorp.com.ec\/"},{"@type":"ListItem","position":2,"name":"Smartmen\u00fa"}]},{"@type":"WebSite","@id":"https:\/\/smartcorp.com.ec\/#website","url":"https:\/\/smartcorp.com.ec\/","name":"","description":"Equipo y sistema para punto de venta","potentialAction":[{"@type":"SearchAction","target":{"@type":"EntryPoint","urlTemplate":"https:\/\/smartcorp.com.ec\/?s={search_term_string}"},"query-input":{"@type":"PropertyValueSpecification","valueRequired":true,"valueName":"search_term_string"}}],"inLanguage":"es"}]}},"_links":{"self":[{"href":"https:\/\/smartcorp.com.ec\/index.php\/wp-json\/wp\/v2\/pages\/83","targetHints":{"allow":["GET"]}}],"collection":[{"href":"https:\/\/smartcorp.com.ec\/index.php\/wp-json\/wp\/v2\/pages"}],"about":[{"href":"https:\/\/smartcorp.com.ec\/index.php\/wp-json\/wp\/v2\/types\/page"}],"author":[{"embeddable":true,"href":"https:\/\/smartcorp.com.ec\/index.php\/wp-json\/wp\/v2\/users\/1"}],"replies":[{"embeddable":true,"href":"https:\/\/smartcorp.com.ec\/index.php\/wp-json\/wp\/v2\/comments?post=83"}],"version-history":[{"count":12,"href":"https:\/\/smartcorp.com.ec\/index.php\/wp-json\/wp\/v2\/pages\/83\/revisions"}],"predecessor-version":[{"id":242,"href":"https:\/\/smartcorp.com.ec\/index.php\/wp-json\/wp\/v2\/pages\/83\/revisions\/242"}],"wp:featuredmedia":[{"embeddable":true,"href":"https:\/\/smartcorp.com.ec\/index.php\/wp-json\/wp\/v2\/media\/252"}],"wp:attachment":[{"href":"https:\/\/smartcorp.com.ec\/index.php\/wp-json\/wp\/v2\/media?parent=83"}],"curies":[{"name":"wp","href":"https:\/\/api.w.org\/{rel}","templated":true}]}}