{"id":2,"date":"2025-12-10T15:06:39","date_gmt":"2025-12-10T15:06:39","guid":{"rendered":"https:\/\/smartcorp.com.ec\/?page_id=2"},"modified":"2025-12-15T15:12:26","modified_gmt":"2025-12-15T15:12:26","slug":"sample-page","status":"publish","type":"page","link":"https:\/\/smartcorp.com.ec\/index.php\/sample-page\/","title":{"rendered":"Terminales POS"},"content":{"rendered":"\n<p>Dise\u00f1ados pensando en la <strong>velocidad y la eficiencia<\/strong> que exige el sector gastron\u00f3mico, nuestros terminales de Punto de Venta (POS) son la soluci\u00f3n ideal para restaurantes, cafeter\u00edas, bares y <em>food trucks<\/em>.<\/p>\n\n\n\n<blockquote class=\"wp-block-quote is-layout-flow wp-block-quote-is-layout-flow\">\n<p><\/p>\n<\/blockquote>\n\n\n\n<p><\/p>\n\n\n\n<blockquote class=\"wp-block-quote is-layout-flow wp-block-quote-is-layout-flow\">\n<p><\/p>\n<\/blockquote>\n\n\n\n<p><\/p>\n","protected":false},"excerpt":{"rendered":"<p>Dise\u00f1ados pensando en la velocidad y la eficiencia que exige el sector gastron\u00f3mico, nuestros terminales de Punto de Venta (POS) son la soluci\u00f3n ideal para restaurantes, cafeter\u00edas, bares y food trucks.<\/p>\n","protected":false},"author":1,"featured_media":248,"parent":0,"menu_order":0,"comment_status":"closed","ping_status":"open","template":"","meta":{"footnotes":""},"class_list":["post-2","page","type-page","status-publish","has-post-thumbnail","hentry"],"yoast_head":"<!-- This site is optimized with the Yoast SEO plugin v27.3 - https:\/\/yoast.com\/product\/yoast-seo-wordpress\/ -->\n<title>Terminales POS -<\/title>\n<meta name=\"robots\" content=\"index, follow, max-snippet:-1, max-image-preview:large, max-video-preview:-1\" \/>\n<link rel=\"canonical\" href=\"https:\/\/smartcorp.com.ec\/index.php\/sample-page\/\" \/>\n<meta property=\"og:locale\" content=\"es_ES\" \/>\n<meta property=\"og:type\" content=\"article\" \/>\n<meta property=\"og:title\" content=\"Terminales POS -\" \/>\n<meta property=\"og:description\" content=\"Dise\u00f1ados pensando en la velocidad y la eficiencia que exige el sector gastron\u00f3mico, nuestros terminales de Punto de Venta (POS) son la soluci\u00f3n ideal para restaurantes, cafeter\u00edas, bares y food trucks.\" \/>\n<meta property=\"og:url\" content=\"https:\/\/smartcorp.com.ec\/index.php\/sample-page\/\" \/>\n<meta property=\"article:modified_time\" content=\"2025-12-15T15:12:26+00:00\" \/>\n<meta property=\"og:image\" content=\"https:\/\/smartcorp.com.ec\/wp-content\/uploads\/2025\/12\/01artes-web-smartcorp_Mesa-de-trabajo-1-2.jpg\" \/>\n\t<meta property=\"og:image:width\" content=\"1822\" \/>\n\t<meta property=\"og:image:height\" content=\"748\" \/>\n\t<meta property=\"og:image:type\" content=\"image\/jpeg\" \/>\n<meta name=\"twitter:card\" content=\"summary_large_image\" \/>\n<meta name=\"twitter:label1\" content=\"Tiempo de lectura\" \/>\n\t<meta name=\"twitter:data1\" content=\"1 minuto\" \/>\n<script type=\"application\/ld+json\" class=\"yoast-schema-graph\">{\"@context\":\"https:\\\/\\\/schema.org\",\"@graph\":[{\"@type\":\"WebPage\",\"@id\":\"https:\\\/\\\/smartcorp.com.ec\\\/index.php\\\/sample-page\\\/\",\"url\":\"https:\\\/\\\/smartcorp.com.ec\\\/index.php\\\/sample-page\\\/\",\"name\":\"Terminales POS -\",\"isPartOf\":{\"@id\":\"https:\\\/\\\/smartcorp.com.ec\\\/#website\"},\"primaryImageOfPage\":{\"@id\":\"https:\\\/\\\/smartcorp.com.ec\\\/index.php\\\/sample-page\\\/#primaryimage\"},\"image\":{\"@id\":\"https:\\\/\\\/smartcorp.com.ec\\\/index.php\\\/sample-page\\\/#primaryimage\"},\"thumbnailUrl\":\"https:\\\/\\\/smartcorp.com.ec\\\/wp-content\\\/uploads\\\/2025\\\/12\\\/01artes-web-smartcorp_Mesa-de-trabajo-1-2.jpg\",\"datePublished\":\"2025-12-10T15:06:39+00:00\",\"dateModified\":\"2025-12-15T15:12:26+00:00\",\"breadcrumb\":{\"@id\":\"https:\\\/\\\/smartcorp.com.ec\\\/index.php\\\/sample-page\\\/#breadcrumb\"},\"inLanguage\":\"es\",\"potentialAction\":[{\"@type\":\"ReadAction\",\"target\":[\"https:\\\/\\\/smartcorp.com.ec\\\/index.php\\\/sample-page\\\/\"]}]},{\"@type\":\"ImageObject\",\"inLanguage\":\"es\",\"@id\":\"https:\\\/\\\/smartcorp.com.ec\\\/index.php\\\/sample-page\\\/#primaryimage\",\"url\":\"https:\\\/\\\/smartcorp.com.ec\\\/wp-content\\\/uploads\\\/2025\\\/12\\\/01artes-web-smartcorp_Mesa-de-trabajo-1-2.jpg\",\"contentUrl\":\"https:\\\/\\\/smartcorp.com.ec\\\/wp-content\\\/uploads\\\/2025\\\/12\\\/01artes-web-smartcorp_Mesa-de-trabajo-1-2.jpg\",\"width\":1822,\"height\":748},{\"@type\":\"BreadcrumbList\",\"@id\":\"https:\\\/\\\/smartcorp.com.ec\\\/index.php\\\/sample-page\\\/#breadcrumb\",\"itemListElement\":[{\"@type\":\"ListItem\",\"position\":1,\"name\":\"Portada\",\"item\":\"https:\\\/\\\/smartcorp.com.ec\\\/\"},{\"@type\":\"ListItem\",\"position\":2,\"name\":\"Terminales POS\"}]},{\"@type\":\"WebSite\",\"@id\":\"https:\\\/\\\/smartcorp.com.ec\\\/#website\",\"url\":\"https:\\\/\\\/smartcorp.com.ec\\\/\",\"name\":\"\",\"description\":\"Equipo y sistema para punto de venta\",\"potentialAction\":[{\"@type\":\"SearchAction\",\"target\":{\"@type\":\"EntryPoint\",\"urlTemplate\":\"https:\\\/\\\/smartcorp.com.ec\\\/?s={search_term_string}\"},\"query-input\":{\"@type\":\"PropertyValueSpecification\",\"valueRequired\":true,\"valueName\":\"search_term_string\"}}],\"inLanguage\":\"es\"}]}<\/script>\n<!-- \/ Yoast SEO plugin. -->","yoast_head_json":{"title":"Terminales POS -","robots":{"index":"index","follow":"follow","max-snippet":"max-snippet:-1","max-image-preview":"max-image-preview:large","max-video-preview":"max-video-preview:-1"},"canonical":"https:\/\/smartcorp.com.ec\/index.php\/sample-page\/","og_locale":"es_ES","og_type":"article","og_title":"Terminales POS -","og_description":"Dise\u00f1ados pensando en la velocidad y la eficiencia que exige el sector gastron\u00f3mico, nuestros terminales de Punto de Venta (POS) son la soluci\u00f3n ideal para restaurantes, cafeter\u00edas, bares y food trucks.","og_url":"https:\/\/smartcorp.com.ec\/index.php\/sample-page\/","article_modified_time":"2025-12-15T15:12:26+00:00","og_image":[{"width":1822,"height":748,"url":"https:\/\/smartcorp.com.ec\/wp-content\/uploads\/2025\/12\/01artes-web-smartcorp_Mesa-de-trabajo-1-2.jpg","type":"image\/jpeg"}],"twitter_card":"summary_large_image","twitter_misc":{"Tiempo de lectura":"1 minuto"},"schema":{"@context":"https:\/\/schema.org","@graph":[{"@type":"WebPage","@id":"https:\/\/smartcorp.com.ec\/index.php\/sample-page\/","url":"https:\/\/smartcorp.com.ec\/index.php\/sample-page\/","name":"Terminales POS -","isPartOf":{"@id":"https:\/\/smartcorp.com.ec\/#website"},"primaryImageOfPage":{"@id":"https:\/\/smartcorp.com.ec\/index.php\/sample-page\/#primaryimage"},"image":{"@id":"https:\/\/smartcorp.com.ec\/index.php\/sample-page\/#primaryimage"},"thumbnailUrl":"https:\/\/smartcorp.com.ec\/wp-content\/uploads\/2025\/12\/01artes-web-smartcorp_Mesa-de-trabajo-1-2.jpg","datePublished":"2025-12-10T15:06:39+00:00","dateModified":"2025-12-15T15:12:26+00:00","breadcrumb":{"@id":"https:\/\/smartcorp.com.ec\/index.php\/sample-page\/#breadcrumb"},"inLanguage":"es","potentialAction":[{"@type":"ReadAction","target":["https:\/\/smartcorp.com.ec\/index.php\/sample-page\/"]}]},{"@type":"ImageObject","inLanguage":"es","@id":"https:\/\/smartcorp.com.ec\/index.php\/sample-page\/#primaryimage","url":"https:\/\/smartcorp.com.ec\/wp-content\/uploads\/2025\/12\/01artes-web-smartcorp_Mesa-de-trabajo-1-2.jpg","contentUrl":"https:\/\/smartcorp.com.ec\/wp-content\/uploads\/2025\/12\/01artes-web-smartcorp_Mesa-de-trabajo-1-2.jpg","width":1822,"height":748},{"@type":"BreadcrumbList","@id":"https:\/\/smartcorp.com.ec\/index.php\/sample-page\/#breadcrumb","itemListElement":[{"@type":"ListItem","position":1,"name":"Portada","item":"https:\/\/smartcorp.com.ec\/"},{"@type":"ListItem","position":2,"name":"Terminales POS"}]},{"@type":"WebSite","@id":"https:\/\/smartcorp.com.ec\/#website","url":"https:\/\/smartcorp.com.ec\/","name":"","description":"Equipo y sistema para punto de venta","potentialAction":[{"@type":"SearchAction","target":{"@type":"EntryPoint","urlTemplate":"https:\/\/smartcorp.com.ec\/?s={search_term_string}"},"query-input":{"@type":"PropertyValueSpecification","valueRequired":true,"valueName":"search_term_string"}}],"inLanguage":"es"}]}},"_links":{"self":[{"href":"https:\/\/smartcorp.com.ec\/index.php\/wp-json\/wp\/v2\/pages\/2","targetHints":{"allow":["GET"]}}],"collection":[{"href":"https:\/\/smartcorp.com.ec\/index.php\/wp-json\/wp\/v2\/pages"}],"about":[{"href":"https:\/\/smartcorp.com.ec\/index.php\/wp-json\/wp\/v2\/types\/page"}],"author":[{"embeddable":true,"href":"https:\/\/smartcorp.com.ec\/index.php\/wp-json\/wp\/v2\/users\/1"}],"replies":[{"embeddable":true,"href":"https:\/\/smartcorp.com.ec\/index.php\/wp-json\/wp\/v2\/comments?post=2"}],"version-history":[{"count":2,"href":"https:\/\/smartcorp.com.ec\/index.php\/wp-json\/wp\/v2\/pages\/2\/revisions"}],"predecessor-version":[{"id":246,"href":"https:\/\/smartcorp.com.ec\/index.php\/wp-json\/wp\/v2\/pages\/2\/revisions\/246"}],"wp:featuredmedia":[{"embeddable":true,"href":"https:\/\/smartcorp.com.ec\/index.php\/wp-json\/wp\/v2\/media\/248"}],"wp:attachment":[{"href":"https:\/\/smartcorp.com.ec\/index.php\/wp-json\/wp\/v2\/media?parent=2"}],"curies":[{"name":"wp","href":"https:\/\/api.w.org\/{rel}","templated":true}]}}